{"id":7652,"date":"2022-12-06T14:07:20","date_gmt":"2022-12-06T13:07:20","guid":{"rendered":"http:\/\/www.lavenueshowroom.com\/?page_id=7652"},"modified":"2022-12-06T14:51:09","modified_gmt":"2022-12-06T13:51:09","slug":"darilni-boni","status":"publish","type":"page","link":"https:\/\/www.lavenueshowroom.com\/en\/darilni-boni\/","title":{"rendered":"Darilni boni"},"content":{"rendered":"<div data-elementor-type=\"wp-page\" data-elementor-id=\"7652\" class=\"elementor elementor-7652\">\n\t\t\t\t\t\t<section class=\"elementor-section elementor-top-section elementor-element elementor-element-2375b53 elementor-section-boxed elementor-section-height-default elementor-section-height-default\" data-id=\"2375b53\" data-element_type=\"section\" data-e-type=\"section\">\n\t\t\t\t\t\t<div class=\"elementor-container elementor-column-gap-default\">\n\t\t\t\t\t<div class=\"elementor-column elementor-col-100 elementor-top-column elementor-element elementor-element-9cde22d\" data-id=\"9cde22d\" data-element_type=\"column\" data-e-type=\"column\">\n\t\t\t<div class=\"elementor-widget-wrap elementor-element-populated\">\n\t\t\t\t\t\t<div class=\"elementor-element elementor-element-956335a elementor-widget elementor-widget-heading\" data-id=\"956335a\" data-element_type=\"widget\" data-e-type=\"widget\" data-widget_type=\"heading.default\">\n\t\t\t\t<div class=\"elementor-widget-container\">\n\t\t\t\t\t<h2 class=\"elementor-heading-title elementor-size-default\">Darilni bon<\/h2>\t\t\t\t<\/div>\n\t\t\t\t<\/div>\n\t\t\t\t\t<\/div>\n\t\t<\/div>\n\t\t\t\t\t<\/div>\n\t\t<\/section>\n\t\t\t\t<section class=\"elementor-section elementor-top-section elementor-element elementor-element-40c6be1 elementor-section-boxed elementor-section-height-default elementor-section-height-default\" data-id=\"40c6be1\" data-element_type=\"section\" data-e-type=\"section\">\n\t\t\t\t\t\t<div class=\"elementor-container elementor-column-gap-default\">\n\t\t\t\t\t<div class=\"elementor-column elementor-col-50 elementor-top-column elementor-element elementor-element-c69c643\" data-id=\"c69c643\" data-element_type=\"column\" data-e-type=\"column\">\n\t\t\t<div class=\"elementor-widget-wrap elementor-element-populated\">\n\t\t\t\t\t\t<div class=\"elementor-element elementor-element-512ac91 elementor-widget elementor-widget-image\" data-id=\"512ac91\" data-element_type=\"widget\" data-e-type=\"widget\" data-widget_type=\"image.default\">\n\t\t\t\t<div class=\"elementor-widget-container\">\n\t\t\t\t\t\t\t\t\t\t\t\t\t\t\t<img fetchpriority=\"high\" decoding=\"async\" width=\"724\" height=\"1024\" src=\"https:\/\/www.lavenueshowroom.com\/wp-content\/uploads\/2022\/12\/7_5-724x1024.png\" class=\"attachment-large size-large wp-image-7653\" alt=\"\" srcset=\"https:\/\/www.lavenueshowroom.com\/wp-content\/uploads\/2022\/12\/7_5-724x1024.png 724w, https:\/\/www.lavenueshowroom.com\/wp-content\/uploads\/2022\/12\/7_5-212x300.png 212w, https:\/\/www.lavenueshowroom.com\/wp-content\/uploads\/2022\/12\/7_5-768x1086.png 768w, https:\/\/www.lavenueshowroom.com\/wp-content\/uploads\/2022\/12\/7_5-1086x1536.png 1086w, https:\/\/www.lavenueshowroom.com\/wp-content\/uploads\/2022\/12\/7_5-600x849.png 600w, https:\/\/www.lavenueshowroom.com\/wp-content\/uploads\/2022\/12\/7_5.png 1414w\" sizes=\"(max-width: 724px) 100vw, 724px\" \/>\t\t\t\t\t\t\t\t\t\t\t\t\t\t\t<\/div>\n\t\t\t\t<\/div>\n\t\t\t\t\t<\/div>\n\t\t<\/div>\n\t\t\t\t<div class=\"elementor-column elementor-col-50 elementor-top-column elementor-element elementor-element-74c2e04\" data-id=\"74c2e04\" data-element_type=\"column\" data-e-type=\"column\">\n\t\t\t<div class=\"elementor-widget-wrap elementor-element-populated\">\n\t\t\t\t\t\t<div class=\"elementor-element elementor-element-6eb2370 elementor-widget elementor-widget-text-editor\" data-id=\"6eb2370\" data-element_type=\"widget\" data-e-type=\"widget\" data-widget_type=\"text-editor.default\">\n\t\t\t\t<div class=\"elementor-widget-container\">\n\t\t\t\t\t\t\t\t\t<p>Na voljo imamo darilne bone!<br \/>Odli\u010dno darilo za vse mamice, punce, \u017eene, sestre &#8230;<\/p><p>Olaj\u0161ajte jim ve\u010dno vpra\u0161anje: &#8221;Kaj naj oble\u010dem?&#8221;<\/p><p><b>Minimalna vrednost darilnega bona je 50 \u20ac<br \/><\/b>Ostali zneski so po \u017eelji.<br \/><br \/>Na voljo za nakup v na\u0161em showroomu.<\/p><p>\u00a0<\/p>\t\t\t\t\t\t\t\t<\/div>\n\t\t\t\t<\/div>\n\t\t\t\t\t<\/div>\n\t\t<\/div>\n\t\t\t\t\t<\/div>\n\t\t<\/section>\n\t\t\t\t<\/div>","protected":false},"excerpt":{"rendered":"<p>Darilni bon Na voljo imamo darilne bone!Odli\u010dno darilo za vse mamice, punce, \u017eene, sestre &#8230; Olaj\u0161ajte jim ve\u010dno vpra\u0161anje: &#8221;Kaj naj oble\u010dem?&#8221; Minimalna vrednost darilnega bona je 50 \u20acOstali zneski so po \u017eelji. Na voljo za nakup v na\u0161em showroomu. \u00a0<\/p>","protected":false},"author":1,"featured_media":0,"parent":0,"menu_order":0,"comment_status":"closed","ping_status":"closed","template":"","meta":{"site-sidebar-layout":"no-sidebar","site-content-layout":"page-builder","ast-site-content-layout":"default","site-content-style":"default","site-sidebar-style":"default","ast-global-header-display":"","ast-banner-title-visibility":"","ast-main-header-display":"","ast-hfb-above-header-display":"","ast-hfb-below-header-display":"","ast-hfb-mobile-header-display":"","site-post-title":"disabled","ast-breadcrumbs-content":"","ast-featured-img":"disabled","footer-sml-layout":"","ast-disable-related-posts":"","theme-transparent-header-meta":"","adv-header-id-meta":"","stick-header-meta":"","header-above-stick-meta":"","header-main-stick-meta":"","header-below-stick-meta":"","astra-migrate-meta-layouts":"default","ast-page-background-enabled":"default","ast-page-background-meta":{"desktop":{"background-color":"var(--ast-global-color-4)","background-image":"","background-repeat":"repeat","background-position":"center center","background-size":"auto","background-attachment":"scroll","background-type":"","background-media":"","overlay-type":"","overlay-color":"","overlay-opacity":"","overlay-gradient":""},"tablet":{"background-color":"","background-image":"","background-repeat":"repeat","background-position":"center center","background-size":"auto","background-attachment":"scroll","background-type":"","background-media":"","overlay-type":"","overlay-color":"","overlay-opacity":"","overlay-gradient":""},"mobile":{"background-color":"","background-image":"","background-repeat":"repeat","background-position":"center center","background-size":"auto","background-attachment":"scroll","background-type":"","background-media":"","overlay-type":"","overlay-color":"","overlay-opacity":"","overlay-gradient":""}},"ast-content-background-meta":{"desktop":{"background-color":"var(--ast-global-color-5)","background-image":"","background-repeat":"repeat","background-position":"center center","background-size":"auto","background-attachment":"scroll","background-type":"","background-media":"","overlay-type":"","overlay-color":"","overlay-opacity":"","overlay-gradient":""},"tablet":{"background-color":"var(--ast-global-color-5)","background-image":"","background-repeat":"repeat","background-position":"center center","background-size":"auto","background-attachment":"scroll","background-type":"","background-media":"","overlay-type":"","overlay-color":"","overlay-opacity":"","overlay-gradient":""},"mobile":{"background-color":"var(--ast-global-color-5)","background-image":"","background-repeat":"repeat","background-position":"center center","background-size":"auto","background-attachment":"scroll","background-type":"","background-media":"","overlay-type":"","overlay-color":"","overlay-opacity":"","overlay-gradient":""}},"_joinchat":[],"footnotes":""},"class_list":["post-7652","page","type-page","status-publish","hentry"],"yoast_head":"<!-- This site is optimized with the Yoast SEO plugin v27.3 - https:\/\/yoast.com\/product\/yoast-seo-wordpress\/ -->\n<title>Darilni boni - L&rsquo;avenue Showroom<\/title>\n<meta name=\"robots\" content=\"index, follow, max-snippet:-1, max-image-preview:large, max-video-preview:-1\" \/>\n<link rel=\"canonical\" href=\"https:\/\/www.lavenueshowroom.com\/en\/darilni-boni\/\" \/>\n<meta property=\"og:locale\" content=\"en_GB\" \/>\n<meta property=\"og:type\" content=\"article\" \/>\n<meta property=\"og:title\" content=\"Darilni boni - L&rsquo;avenue Showroom\" \/>\n<meta property=\"og:description\" content=\"Darilni bon Na voljo imamo darilne bone!Odli\u010dno darilo za vse mamice, punce, \u017eene, sestre &#8230; Olaj\u0161ajte jim ve\u010dno vpra\u0161anje: &#8221;Kaj naj oble\u010dem?&#8221; Minimalna vrednost darilnega bona je 50 \u20acOstali zneski so po \u017eelji. Na voljo za nakup v na\u0161em showroomu. \u00a0\" \/>\n<meta property=\"og:url\" content=\"https:\/\/www.lavenueshowroom.com\/en\/darilni-boni\/\" \/>\n<meta property=\"og:site_name\" content=\"L&rsquo;avenue Showroom\" \/>\n<meta property=\"article:modified_time\" content=\"2022-12-06T13:51:09+00:00\" \/>\n<meta property=\"og:image\" content=\"http:\/\/www.lavenueshowroom.com\/wp-content\/uploads\/2022\/12\/7_5-724x1024.png\" \/>\n<meta name=\"twitter:card\" content=\"summary_large_image\" \/>\n<script type=\"application\/ld+json\" class=\"yoast-schema-graph\">{\"@context\":\"https:\\\/\\\/schema.org\",\"@graph\":[{\"@type\":\"WebPage\",\"@id\":\"https:\\\/\\\/www.lavenueshowroom.com\\\/darilni-boni\\\/\",\"url\":\"https:\\\/\\\/www.lavenueshowroom.com\\\/darilni-boni\\\/\",\"name\":\"Darilni boni - L&rsquo;avenue Showroom\",\"isPartOf\":{\"@id\":\"https:\\\/\\\/www.lavenueshowroom.com\\\/#website\"},\"primaryImageOfPage\":{\"@id\":\"https:\\\/\\\/www.lavenueshowroom.com\\\/darilni-boni\\\/#primaryimage\"},\"image\":{\"@id\":\"https:\\\/\\\/www.lavenueshowroom.com\\\/darilni-boni\\\/#primaryimage\"},\"thumbnailUrl\":\"http:\\\/\\\/www.lavenueshowroom.com\\\/wp-content\\\/uploads\\\/2022\\\/12\\\/7_5-724x1024.png\",\"datePublished\":\"2022-12-06T13:07:20+00:00\",\"dateModified\":\"2022-12-06T13:51:09+00:00\",\"breadcrumb\":{\"@id\":\"https:\\\/\\\/www.lavenueshowroom.com\\\/darilni-boni\\\/#breadcrumb\"},\"inLanguage\":\"en-GB\",\"potentialAction\":[{\"@type\":\"ReadAction\",\"target\":[\"https:\\\/\\\/www.lavenueshowroom.com\\\/darilni-boni\\\/\"]}]},{\"@type\":\"ImageObject\",\"inLanguage\":\"en-GB\",\"@id\":\"https:\\\/\\\/www.lavenueshowroom.com\\\/darilni-boni\\\/#primaryimage\",\"url\":\"http:\\\/\\\/www.lavenueshowroom.com\\\/wp-content\\\/uploads\\\/2022\\\/12\\\/7_5-724x1024.png\",\"contentUrl\":\"http:\\\/\\\/www.lavenueshowroom.com\\\/wp-content\\\/uploads\\\/2022\\\/12\\\/7_5-724x1024.png\"},{\"@type\":\"BreadcrumbList\",\"@id\":\"https:\\\/\\\/www.lavenueshowroom.com\\\/darilni-boni\\\/#breadcrumb\",\"itemListElement\":[{\"@type\":\"ListItem\",\"position\":1,\"name\":\"Home\",\"item\":\"https:\\\/\\\/www.lavenueshowroom.com\\\/\"},{\"@type\":\"ListItem\",\"position\":2,\"name\":\"Darilni boni\"}]},{\"@type\":\"WebSite\",\"@id\":\"https:\\\/\\\/www.lavenueshowroom.com\\\/#website\",\"url\":\"https:\\\/\\\/www.lavenueshowroom.com\\\/\",\"name\":\"L'avenue Showroom\",\"description\":\"\",\"publisher\":{\"@id\":\"https:\\\/\\\/www.lavenueshowroom.com\\\/#organization\"},\"potentialAction\":[{\"@type\":\"SearchAction\",\"target\":{\"@type\":\"EntryPoint\",\"urlTemplate\":\"https:\\\/\\\/www.lavenueshowroom.com\\\/?s={search_term_string}\"},\"query-input\":{\"@type\":\"PropertyValueSpecification\",\"valueRequired\":true,\"valueName\":\"search_term_string\"}}],\"inLanguage\":\"en-GB\"},{\"@type\":\"Organization\",\"@id\":\"https:\\\/\\\/www.lavenueshowroom.com\\\/#organization\",\"name\":\"L'avenue Showroom\",\"url\":\"https:\\\/\\\/www.lavenueshowroom.com\\\/\",\"logo\":{\"@type\":\"ImageObject\",\"inLanguage\":\"en-GB\",\"@id\":\"https:\\\/\\\/www.lavenueshowroom.com\\\/#\\\/schema\\\/logo\\\/image\\\/\",\"url\":\"https:\\\/\\\/www.lavenueshowroom.com\\\/wp-content\\\/uploads\\\/2025\\\/06\\\/cropped-LS-bw.png\",\"contentUrl\":\"https:\\\/\\\/www.lavenueshowroom.com\\\/wp-content\\\/uploads\\\/2025\\\/06\\\/cropped-LS-bw.png\",\"width\":512,\"height\":512,\"caption\":\"L'avenue Showroom\"},\"image\":{\"@id\":\"https:\\\/\\\/www.lavenueshowroom.com\\\/#\\\/schema\\\/logo\\\/image\\\/\"}}]}<\/script>\n<!-- \/ Yoast SEO plugin. -->","yoast_head_json":{"title":"Darilni boni - L&rsquo;avenue Showroom","robots":{"index":"index","follow":"follow","max-snippet":"max-snippet:-1","max-image-preview":"max-image-preview:large","max-video-preview":"max-video-preview:-1"},"canonical":"https:\/\/www.lavenueshowroom.com\/en\/darilni-boni\/","og_locale":"en_GB","og_type":"article","og_title":"Darilni boni - L&rsquo;avenue Showroom","og_description":"Darilni bon Na voljo imamo darilne bone!Odli\u010dno darilo za vse mamice, punce, \u017eene, sestre &#8230; Olaj\u0161ajte jim ve\u010dno vpra\u0161anje: &#8221;Kaj naj oble\u010dem?&#8221; Minimalna vrednost darilnega bona je 50 \u20acOstali zneski so po \u017eelji. Na voljo za nakup v na\u0161em showroomu. \u00a0","og_url":"https:\/\/www.lavenueshowroom.com\/en\/darilni-boni\/","og_site_name":"L&rsquo;avenue Showroom","article_modified_time":"2022-12-06T13:51:09+00:00","og_image":[{"url":"http:\/\/www.lavenueshowroom.com\/wp-content\/uploads\/2022\/12\/7_5-724x1024.png","type":"","width":"","height":""}],"twitter_card":"summary_large_image","schema":{"@context":"https:\/\/schema.org","@graph":[{"@type":"WebPage","@id":"https:\/\/www.lavenueshowroom.com\/darilni-boni\/","url":"https:\/\/www.lavenueshowroom.com\/darilni-boni\/","name":"Darilni boni - L&rsquo;avenue Showroom","isPartOf":{"@id":"https:\/\/www.lavenueshowroom.com\/#website"},"primaryImageOfPage":{"@id":"https:\/\/www.lavenueshowroom.com\/darilni-boni\/#primaryimage"},"image":{"@id":"https:\/\/www.lavenueshowroom.com\/darilni-boni\/#primaryimage"},"thumbnailUrl":"http:\/\/www.lavenueshowroom.com\/wp-content\/uploads\/2022\/12\/7_5-724x1024.png","datePublished":"2022-12-06T13:07:20+00:00","dateModified":"2022-12-06T13:51:09+00:00","breadcrumb":{"@id":"https:\/\/www.lavenueshowroom.com\/darilni-boni\/#breadcrumb"},"inLanguage":"en-GB","potentialAction":[{"@type":"ReadAction","target":["https:\/\/www.lavenueshowroom.com\/darilni-boni\/"]}]},{"@type":"ImageObject","inLanguage":"en-GB","@id":"https:\/\/www.lavenueshowroom.com\/darilni-boni\/#primaryimage","url":"http:\/\/www.lavenueshowroom.com\/wp-content\/uploads\/2022\/12\/7_5-724x1024.png","contentUrl":"http:\/\/www.lavenueshowroom.com\/wp-content\/uploads\/2022\/12\/7_5-724x1024.png"},{"@type":"BreadcrumbList","@id":"https:\/\/www.lavenueshowroom.com\/darilni-boni\/#breadcrumb","itemListElement":[{"@type":"ListItem","position":1,"name":"Home","item":"https:\/\/www.lavenueshowroom.com\/"},{"@type":"ListItem","position":2,"name":"Darilni boni"}]},{"@type":"WebSite","@id":"https:\/\/www.lavenueshowroom.com\/#website","url":"https:\/\/www.lavenueshowroom.com\/","name":"L'avenue Showroom","description":"","publisher":{"@id":"https:\/\/www.lavenueshowroom.com\/#organization"},"potentialAction":[{"@type":"SearchAction","target":{"@type":"EntryPoint","urlTemplate":"https:\/\/www.lavenueshowroom.com\/?s={search_term_string}"},"query-input":{"@type":"PropertyValueSpecification","valueRequired":true,"valueName":"search_term_string"}}],"inLanguage":"en-GB"},{"@type":"Organization","@id":"https:\/\/www.lavenueshowroom.com\/#organization","name":"L'avenue Showroom","url":"https:\/\/www.lavenueshowroom.com\/","logo":{"@type":"ImageObject","inLanguage":"en-GB","@id":"https:\/\/www.lavenueshowroom.com\/#\/schema\/logo\/image\/","url":"https:\/\/www.lavenueshowroom.com\/wp-content\/uploads\/2025\/06\/cropped-LS-bw.png","contentUrl":"https:\/\/www.lavenueshowroom.com\/wp-content\/uploads\/2025\/06\/cropped-LS-bw.png","width":512,"height":512,"caption":"L'avenue Showroom"},"image":{"@id":"https:\/\/www.lavenueshowroom.com\/#\/schema\/logo\/image\/"}}]}},"jetpack_sharing_enabled":true,"_links":{"self":[{"href":"https:\/\/www.lavenueshowroom.com\/en\/wp-json\/wp\/v2\/pages\/7652","targetHints":{"allow":["GET"]}}],"collection":[{"href":"https:\/\/www.lavenueshowroom.com\/en\/wp-json\/wp\/v2\/pages"}],"about":[{"href":"https:\/\/www.lavenueshowroom.com\/en\/wp-json\/wp\/v2\/types\/page"}],"author":[{"embeddable":true,"href":"https:\/\/www.lavenueshowroom.com\/en\/wp-json\/wp\/v2\/users\/1"}],"replies":[{"embeddable":true,"href":"https:\/\/www.lavenueshowroom.com\/en\/wp-json\/wp\/v2\/comments?post=7652"}],"version-history":[{"count":3,"href":"https:\/\/www.lavenueshowroom.com\/en\/wp-json\/wp\/v2\/pages\/7652\/revisions"}],"predecessor-version":[{"id":7656,"href":"https:\/\/www.lavenueshowroom.com\/en\/wp-json\/wp\/v2\/pages\/7652\/revisions\/7656"}],"wp:attachment":[{"href":"https:\/\/www.lavenueshowroom.com\/en\/wp-json\/wp\/v2\/media?parent=7652"}],"curies":[{"name":"wp","href":"https:\/\/api.w.org\/{rel}","templated":true}]}}