{"id":7240,"date":"2022-11-03T14:49:56","date_gmt":"2022-11-03T13:49:56","guid":{"rendered":"http:\/\/www.lavenueshowroom.com\/?page_id=7240"},"modified":"2025-06-23T15:25:02","modified_gmt":"2025-06-23T13:25:02","slug":"o-nas","status":"publish","type":"page","link":"https:\/\/www.lavenueshowroom.com\/en\/o-nas\/","title":{"rendered":"ABOUT US"},"content":{"rendered":"<div data-elementor-type=\"wp-page\" data-elementor-id=\"7240\" class=\"elementor elementor-7240\">\n\t\t\t\t\t\t<section class=\"elementor-section elementor-top-section elementor-element elementor-element-d6d80d6 elementor-section-boxed elementor-section-height-default elementor-section-height-default\" data-id=\"d6d80d6\" data-element_type=\"section\" data-e-type=\"section\">\n\t\t\t\t\t\t<div class=\"elementor-container elementor-column-gap-default\">\n\t\t\t\t\t<div class=\"elementor-column elementor-col-100 elementor-top-column elementor-element elementor-element-3c68eb1\" data-id=\"3c68eb1\" data-element_type=\"column\" data-e-type=\"column\">\n\t\t\t<div class=\"elementor-widget-wrap elementor-element-populated\">\n\t\t\t\t\t\t<div class=\"elementor-element elementor-element-49e7464 elementor-widget elementor-widget-heading\" data-id=\"49e7464\" data-element_type=\"widget\" data-e-type=\"widget\" data-widget_type=\"heading.default\">\n\t\t\t\t<div class=\"elementor-widget-container\">\n\t\t\t\t\t<h2 class=\"elementor-heading-title elementor-size-large\">Dobrodo\u0161li v svet ro\u010dno \u0161ivanih ekstravagantnih oblek!<\/h2>\t\t\t\t<\/div>\n\t\t\t\t<\/div>\n\t\t\t\t\t<\/div>\n\t\t<\/div>\n\t\t\t\t\t<\/div>\n\t\t<\/section>\n\t\t\t\t<section class=\"elementor-section elementor-top-section elementor-element elementor-element-02b2058 elementor-section-boxed elementor-section-height-default elementor-section-height-default\" data-id=\"02b2058\" data-element_type=\"section\" data-e-type=\"section\">\n\t\t\t\t\t\t<div class=\"elementor-container elementor-column-gap-default\">\n\t\t\t\t\t<div class=\"elementor-column elementor-col-100 elementor-top-column elementor-element elementor-element-8142a8a\" data-id=\"8142a8a\" data-element_type=\"column\" data-e-type=\"column\">\n\t\t\t<div class=\"elementor-widget-wrap elementor-element-populated\">\n\t\t\t\t\t\t<div class=\"elementor-element elementor-element-1ed9403 elementor-widget elementor-widget-text-editor\" data-id=\"1ed9403\" data-element_type=\"widget\" data-e-type=\"widget\" data-widget_type=\"text-editor.default\">\n\t\t\t\t<div class=\"elementor-widget-container\">\n\t\t\t\t\t\t\t\t\t<p>V L&#8217;avenue Showroom vam nudimo obleke za izposojo, nakup in \u0161ivanje oblek po meri.<\/p>\t\t\t\t\t\t\t\t<\/div>\n\t\t\t\t<\/div>\n\t\t\t\t\t<\/div>\n\t\t<\/div>\n\t\t\t\t\t<\/div>\n\t\t<\/section>\n\t\t\t\t<section class=\"elementor-section elementor-top-section elementor-element elementor-element-f55835b elementor-section-boxed elementor-section-height-default elementor-section-height-default\" data-id=\"f55835b\" data-element_type=\"section\" data-e-type=\"section\">\n\t\t\t\t\t\t<div class=\"elementor-container elementor-column-gap-default\">\n\t\t\t\t\t<div class=\"elementor-column elementor-col-100 elementor-top-column elementor-element elementor-element-b4a9d2e\" data-id=\"b4a9d2e\" data-element_type=\"column\" data-e-type=\"column\">\n\t\t\t<div class=\"elementor-widget-wrap elementor-element-populated\">\n\t\t\t\t\t\t<div class=\"elementor-element elementor-element-ab5c6d2 elementor-widget-divider--view-line_text elementor-widget-divider--separator-type-pattern elementor-widget-divider--no-spacing elementor-widget-divider--element-align-center elementor-widget elementor-widget-divider\" data-id=\"ab5c6d2\" data-element_type=\"widget\" data-e-type=\"widget\" data-widget_type=\"divider.default\">\n\t\t\t\t<div class=\"elementor-widget-container\">\n\t\t\t\t\t\t\t<div class=\"elementor-divider\" style=\"--divider-pattern-url: url(&quot;data:image\/svg+xml,%3Csvg xmlns=&#039;http:\/\/www.w3.org\/2000\/svg&#039; preserveAspectRatio=&#039;none&#039; overflow=&#039;visible&#039; height=&#039;100%&#039; viewBox=&#039;0 0 24 24&#039; fill=&#039;black&#039; stroke=&#039;none&#039;%3E%3Cpath d=&#039;M24,8v12H0V8H24z M24,4v1H0V4H24z&#039;\/%3E%3C\/svg%3E&quot;);\">\n\t\t\t<span class=\"elementor-divider-separator\">\n\t\t\t\t\t\t\t<span class=\"elementor-divider__text elementor-divider__element\">\n\t\t\t\t''The joy of dressing is an art.''\t\t\t\t<\/span>\n\t\t\t\t\t\t<\/span>\n\t\t<\/div>\n\t\t\t\t\t\t<\/div>\n\t\t\t\t<\/div>\n\t\t\t\t\t<\/div>\n\t\t<\/div>\n\t\t\t\t\t<\/div>\n\t\t<\/section>\n\t\t\t\t<section class=\"elementor-section elementor-top-section elementor-element elementor-element-47074dc elementor-section-boxed elementor-section-height-default elementor-section-height-default\" data-id=\"47074dc\" data-element_type=\"section\" data-e-type=\"section\">\n\t\t\t\t\t\t<div class=\"elementor-container elementor-column-gap-default\">\n\t\t\t\t\t<div class=\"elementor-column elementor-col-100 elementor-top-column elementor-element elementor-element-d92c494\" data-id=\"d92c494\" data-element_type=\"column\" data-e-type=\"column\">\n\t\t\t<div class=\"elementor-widget-wrap elementor-element-populated\">\n\t\t\t\t\t\t<div class=\"elementor-element elementor-element-5529eee elementor-widget elementor-widget-text-editor\" data-id=\"5529eee\" data-element_type=\"widget\" data-e-type=\"widget\" data-widget_type=\"text-editor.default\">\n\t\t\t\t<div class=\"elementor-widget-container\">\n\t\t\t\t\t\t\t\t\t<p>Showroom L\u2019avenue je leta 2020 med prvim zaprtjem zaradi korone pri\u0161el na idejo o \u0161ivanju in kreiranju najlep\u0161ih oblek za \u017eenske, ki so rade posebne, druga\u010dne, izstopajo\u010de, seksi in predvsem ekstravagantne! \u017deleli smo si, da se \u017eenske v na\u0161ih oblekah po\u010dutijo ni\u010d manj kot kraljice tega dogodka!<\/p><p>Na\u0161e obleke smo kreirali z visokimi izrezi in bolj globokimi dekolteji. Za piko na i smo za\u010deli dodajati umetno perje in vse ve\u010d kristalov. Tako so postopoma nastale ene najlep\u0161ih oblek, katere se nosijo tudi izven meja Slovenije.<\/p><p>Ker pa smo \u017eenske tak\u0161ne, da dolo\u010den kos obla\u010dila oble\u010demo le enkrat, smo pri\u0161li na idejo, da vam olaj\u0161amo vse skrbi. Zato vam vse na\u0161e obleke nudimo tudi za izposojo!<\/p><p>Vse obleke so izklju\u010dno ro\u010dno \u0161ivane in so unikat. Obleke \u0161ivamo iz skrbno izbranih visokokvalitetnih materialov, z veliko ljubezni, natan\u010dnosti in potrpe\u017eljivosti, kjer ne manjka smisla za estetiko pri \u010disto vsakem detajlu.<\/p><p>Zaupa nam ogromno znanih in manj znanih obrazov, in iz strani vseh, lahko zagotavljamo le zadovoljstvo!<\/p><p>Vse obleke so nastale z idejami in izrisi lastnice showrooma, ter kreativinimi \u0161iviljami.<\/p><p><b>Izposoja obleke<\/b> &#8211; Izposojo nudimo za 1 dan ali za 3 dni.<\/p><p><b>Nakup obleke<\/b> &#8211; Nakup obleke je mo\u017een za takoj dostopne obleke v showroomu.<\/p><p><b>\u0160ivanje po meri<\/b> &#8211; Katerekoli obleke vam lahko tudi za\u0161ijemo po va\u0161ih merah in \u017eeljah.<\/p><h6><b><i>\u00a0<\/i><\/b><\/h6><h6><b><i>Delovni \u010das<\/i><\/b><\/h6><h6><b><i>\u00a0<\/i><\/b><\/h6><p>Delovni \u010das je po naro\u010dilu. Vsaki stranki pripada 45 minut za pomerjanje in svetovanje. V tem \u010dasu je showroom za druge stranke zaprt, saj se popolnoma posve\u010damo le eni stranki, ji strokovno svetujemo in pomagamo izbrati tisto pravo obleko!<\/p><h6>\u00a0<\/h6><h6>\u00a0<\/h6><h6>\u00a0<\/h6><h4><b><i>INFORMACIJE, KONTAKT IN REZERVACIJA TERMINA:<br \/><br \/>040-698-187<br \/>lavenueshowroom@gmail.com<br \/>IG: lavenue_showroom<br \/>FB: L&#8217;avenue Showroom<\/i><\/b><\/h4><h6>\u00a0<\/h6>\t\t\t\t\t\t\t\t<\/div>\n\t\t\t\t<\/div>\n\t\t\t\t\t<\/div>\n\t\t<\/div>\n\t\t\t\t\t<\/div>\n\t\t<\/section>\n\t\t\t\t<section class=\"elementor-section elementor-top-section elementor-element elementor-element-802fed3 elementor-section-boxed elementor-section-height-default elementor-section-height-default\" data-id=\"802fed3\" data-element_type=\"section\" data-e-type=\"section\">\n\t\t\t\t\t\t<div class=\"elementor-container elementor-column-gap-default\">\n\t\t\t\t\t<div class=\"elementor-column elementor-col-100 elementor-top-column elementor-element elementor-element-b42b1e6\" data-id=\"b42b1e6\" data-element_type=\"column\" data-e-type=\"column\">\n\t\t\t<div class=\"elementor-widget-wrap elementor-element-populated\">\n\t\t\t\t\t\t<div class=\"elementor-element elementor-element-f86f9ec elementor-widget elementor-widget-google_maps\" data-id=\"f86f9ec\" data-element_type=\"widget\" data-e-type=\"widget\" data-widget_type=\"google_maps.default\">\n\t\t\t\t<div class=\"elementor-widget-container\">\n\t\t\t\t\t\t\t<div class=\"elementor-custom-embed\">\n\t\t\t<iframe loading=\"lazy\"\n\t\t\t\t\tsrc=\"https:\/\/maps.google.com\/maps?q=Celov%C5%A1ka%2087&#038;t=m&#038;z=17&#038;output=embed&#038;iwloc=near\"\n\t\t\t\t\ttitle=\"Celov\u0161ka 87\"\n\t\t\t\t\taria-label=\"Celov\u0161ka 87\"\n\t\t\t><\/iframe>\n\t\t<\/div>\n\t\t\t\t\t\t<\/div>\n\t\t\t\t<\/div>\n\t\t\t\t\t<\/div>\n\t\t<\/div>\n\t\t\t\t\t<\/div>\n\t\t<\/section>\n\t\t\t\t<\/div>","protected":false},"excerpt":{"rendered":"<p>Dobrodo\u0161li v svet ro\u010dno \u0161ivanih ekstravagantnih oblek! V L&#8217;avenue Showroom vam nudimo obleke za izposojo, nakup in \u0161ivanje oblek po meri. &#8221;The joy of dressing is an art.&#8221; Showroom L\u2019avenue je leta 2020 med prvim zaprtjem zaradi korone pri\u0161el na idejo o \u0161ivanju in kreiranju najlep\u0161ih oblek za \u017eenske, ki so rade posebne, druga\u010dne, izstopajo\u010de, [&hellip;]<\/p>\n","protected":false},"author":1,"featured_media":0,"parent":0,"menu_order":0,"comment_status":"closed","ping_status":"closed","template":"","meta":{"site-sidebar-layout":"default","site-content-layout":"","ast-site-content-layout":"default","site-content-style":"default","site-sidebar-style":"default","ast-global-header-display":"","ast-banner-title-visibility":"","ast-main-header-display":"","ast-hfb-above-header-display":"","ast-hfb-below-header-display":"","ast-hfb-mobile-header-display":"","site-post-title":"","ast-breadcrumbs-content":"","ast-featured-img":"","footer-sml-layout":"","ast-disable-related-posts":"","theme-transparent-header-meta":"","adv-header-id-meta":"","stick-header-meta":"","header-above-stick-meta":"","header-main-stick-meta":"","header-below-stick-meta":"","astra-migrate-meta-layouts":"default","ast-page-background-enabled":"default","ast-page-background-meta":{"desktop":{"background-color":"var(--ast-global-color-4)","background-image":"","background-repeat":"repeat","background-position":"center center","background-size":"auto","background-attachment":"scroll","background-type":"","background-media":"","overlay-type":"","overlay-color":"","overlay-opacity":"","overlay-gradient":""},"tablet":{"background-color":"","background-image":"","background-repeat":"repeat","background-position":"center center","background-size":"auto","background-attachment":"scroll","background-type":"","background-media":"","overlay-type":"","overlay-color":"","overlay-opacity":"","overlay-gradient":""},"mobile":{"background-color":"","background-image":"","background-repeat":"repeat","background-position":"center center","background-size":"auto","background-attachment":"scroll","background-type":"","background-media":"","overlay-type":"","overlay-color":"","overlay-opacity":"","overlay-gradient":""}},"ast-content-background-meta":{"desktop":{"background-color":"var(--ast-global-color-5)","background-image":"","background-repeat":"repeat","background-position":"center center","background-size":"auto","background-attachment":"scroll","background-type":"","background-media":"","overlay-type":"","overlay-color":"","overlay-opacity":"","overlay-gradient":""},"tablet":{"background-color":"var(--ast-global-color-5)","background-image":"","background-repeat":"repeat","background-position":"center center","background-size":"auto","background-attachment":"scroll","background-type":"","background-media":"","overlay-type":"","overlay-color":"","overlay-opacity":"","overlay-gradient":""},"mobile":{"background-color":"var(--ast-global-color-5)","background-image":"","background-repeat":"repeat","background-position":"center center","background-size":"auto","background-attachment":"scroll","background-type":"","background-media":"","overlay-type":"","overlay-color":"","overlay-opacity":"","overlay-gradient":""}},"_joinchat":[],"footnotes":""},"class_list":["post-7240","page","type-page","status-publish","hentry"],"yoast_head":"<!-- This site is optimized with the Yoast SEO plugin v27.3 - https:\/\/yoast.com\/product\/yoast-seo-wordpress\/ -->\n<title>O NAS - L&rsquo;avenue Showroom<\/title>\n<meta name=\"robots\" content=\"index, follow, max-snippet:-1, max-image-preview:large, max-video-preview:-1\" \/>\n<link rel=\"canonical\" href=\"https:\/\/www.lavenueshowroom.com\/en\/o-nas\/\" \/>\n<meta property=\"og:locale\" content=\"en_GB\" \/>\n<meta property=\"og:type\" content=\"article\" \/>\n<meta property=\"og:title\" content=\"O NAS - L&rsquo;avenue Showroom\" \/>\n<meta property=\"og:description\" content=\"Dobrodo\u0161li v svet ro\u010dno \u0161ivanih ekstravagantnih oblek! V L&#8217;avenue Showroom vam nudimo obleke za izposojo, nakup in \u0161ivanje oblek po meri. &#8221;The joy of dressing is an art.&#8221; Showroom L\u2019avenue je leta 2020 med prvim zaprtjem zaradi korone pri\u0161el na idejo o \u0161ivanju in kreiranju najlep\u0161ih oblek za \u017eenske, ki so rade posebne, druga\u010dne, izstopajo\u010de, [&hellip;]\" \/>\n<meta property=\"og:url\" content=\"https:\/\/www.lavenueshowroom.com\/en\/o-nas\/\" \/>\n<meta property=\"og:site_name\" content=\"L&rsquo;avenue Showroom\" \/>\n<meta property=\"article:modified_time\" content=\"2025-06-23T13:25:02+00:00\" \/>\n<meta property=\"og:image\" content=\"https:\/\/www.lavenueshowroom.com\/wp-content\/uploads\/2023\/11\/cropped-image0-3-1024x589.png\" \/>\n\t<meta property=\"og:image:width\" content=\"1024\" \/>\n\t<meta property=\"og:image:height\" content=\"589\" \/>\n\t<meta property=\"og:image:type\" content=\"image\/png\" \/>\n<meta name=\"twitter:card\" content=\"summary_large_image\" \/>\n<meta name=\"twitter:label1\" content=\"Estimated reading time\" \/>\n\t<meta name=\"twitter:data1\" content=\"2 minutes\" \/>\n<script type=\"application\/ld+json\" class=\"yoast-schema-graph\">{\"@context\":\"https:\\\/\\\/schema.org\",\"@graph\":[{\"@type\":\"WebPage\",\"@id\":\"https:\\\/\\\/www.lavenueshowroom.com\\\/o-nas\\\/\",\"url\":\"https:\\\/\\\/www.lavenueshowroom.com\\\/o-nas\\\/\",\"name\":\"O NAS - L&rsquo;avenue Showroom\",\"isPartOf\":{\"@id\":\"https:\\\/\\\/www.lavenueshowroom.com\\\/#website\"},\"datePublished\":\"2022-11-03T13:49:56+00:00\",\"dateModified\":\"2025-06-23T13:25:02+00:00\",\"breadcrumb\":{\"@id\":\"https:\\\/\\\/www.lavenueshowroom.com\\\/o-nas\\\/#breadcrumb\"},\"inLanguage\":\"en-GB\",\"potentialAction\":[{\"@type\":\"ReadAction\",\"target\":[\"https:\\\/\\\/www.lavenueshowroom.com\\\/o-nas\\\/\"]}]},{\"@type\":\"BreadcrumbList\",\"@id\":\"https:\\\/\\\/www.lavenueshowroom.com\\\/o-nas\\\/#breadcrumb\",\"itemListElement\":[{\"@type\":\"ListItem\",\"position\":1,\"name\":\"Home\",\"item\":\"https:\\\/\\\/www.lavenueshowroom.com\\\/\"},{\"@type\":\"ListItem\",\"position\":2,\"name\":\"O NAS\"}]},{\"@type\":\"WebSite\",\"@id\":\"https:\\\/\\\/www.lavenueshowroom.com\\\/#website\",\"url\":\"https:\\\/\\\/www.lavenueshowroom.com\\\/\",\"name\":\"L'avenue Showroom\",\"description\":\"\",\"publisher\":{\"@id\":\"https:\\\/\\\/www.lavenueshowroom.com\\\/#organization\"},\"potentialAction\":[{\"@type\":\"SearchAction\",\"target\":{\"@type\":\"EntryPoint\",\"urlTemplate\":\"https:\\\/\\\/www.lavenueshowroom.com\\\/?s={search_term_string}\"},\"query-input\":{\"@type\":\"PropertyValueSpecification\",\"valueRequired\":true,\"valueName\":\"search_term_string\"}}],\"inLanguage\":\"en-GB\"},{\"@type\":\"Organization\",\"@id\":\"https:\\\/\\\/www.lavenueshowroom.com\\\/#organization\",\"name\":\"L'avenue Showroom\",\"url\":\"https:\\\/\\\/www.lavenueshowroom.com\\\/\",\"logo\":{\"@type\":\"ImageObject\",\"inLanguage\":\"en-GB\",\"@id\":\"https:\\\/\\\/www.lavenueshowroom.com\\\/#\\\/schema\\\/logo\\\/image\\\/\",\"url\":\"https:\\\/\\\/www.lavenueshowroom.com\\\/wp-content\\\/uploads\\\/2025\\\/06\\\/cropped-LS-bw.png\",\"contentUrl\":\"https:\\\/\\\/www.lavenueshowroom.com\\\/wp-content\\\/uploads\\\/2025\\\/06\\\/cropped-LS-bw.png\",\"width\":512,\"height\":512,\"caption\":\"L'avenue Showroom\"},\"image\":{\"@id\":\"https:\\\/\\\/www.lavenueshowroom.com\\\/#\\\/schema\\\/logo\\\/image\\\/\"}}]}<\/script>\n<!-- \/ Yoast SEO plugin. -->","yoast_head_json":{"title":"O NAS - L&rsquo;avenue Showroom","robots":{"index":"index","follow":"follow","max-snippet":"max-snippet:-1","max-image-preview":"max-image-preview:large","max-video-preview":"max-video-preview:-1"},"canonical":"https:\/\/www.lavenueshowroom.com\/en\/o-nas\/","og_locale":"en_GB","og_type":"article","og_title":"O NAS - L&rsquo;avenue Showroom","og_description":"Dobrodo\u0161li v svet ro\u010dno \u0161ivanih ekstravagantnih oblek! V L&#8217;avenue Showroom vam nudimo obleke za izposojo, nakup in \u0161ivanje oblek po meri. &#8221;The joy of dressing is an art.&#8221; Showroom L\u2019avenue je leta 2020 med prvim zaprtjem zaradi korone pri\u0161el na idejo o \u0161ivanju in kreiranju najlep\u0161ih oblek za \u017eenske, ki so rade posebne, druga\u010dne, izstopajo\u010de, [&hellip;]","og_url":"https:\/\/www.lavenueshowroom.com\/en\/o-nas\/","og_site_name":"L&rsquo;avenue Showroom","article_modified_time":"2025-06-23T13:25:02+00:00","og_image":[{"width":1024,"height":589,"url":"https:\/\/www.lavenueshowroom.com\/wp-content\/uploads\/2023\/11\/cropped-image0-3-1024x589.png","type":"image\/png"}],"twitter_card":"summary_large_image","twitter_misc":{"Estimated reading time":"2 minutes"},"schema":{"@context":"https:\/\/schema.org","@graph":[{"@type":"WebPage","@id":"https:\/\/www.lavenueshowroom.com\/o-nas\/","url":"https:\/\/www.lavenueshowroom.com\/o-nas\/","name":"O NAS - L&rsquo;avenue Showroom","isPartOf":{"@id":"https:\/\/www.lavenueshowroom.com\/#website"},"datePublished":"2022-11-03T13:49:56+00:00","dateModified":"2025-06-23T13:25:02+00:00","breadcrumb":{"@id":"https:\/\/www.lavenueshowroom.com\/o-nas\/#breadcrumb"},"inLanguage":"en-GB","potentialAction":[{"@type":"ReadAction","target":["https:\/\/www.lavenueshowroom.com\/o-nas\/"]}]},{"@type":"BreadcrumbList","@id":"https:\/\/www.lavenueshowroom.com\/o-nas\/#breadcrumb","itemListElement":[{"@type":"ListItem","position":1,"name":"Home","item":"https:\/\/www.lavenueshowroom.com\/"},{"@type":"ListItem","position":2,"name":"O NAS"}]},{"@type":"WebSite","@id":"https:\/\/www.lavenueshowroom.com\/#website","url":"https:\/\/www.lavenueshowroom.com\/","name":"L'avenue Showroom","description":"","publisher":{"@id":"https:\/\/www.lavenueshowroom.com\/#organization"},"potentialAction":[{"@type":"SearchAction","target":{"@type":"EntryPoint","urlTemplate":"https:\/\/www.lavenueshowroom.com\/?s={search_term_string}"},"query-input":{"@type":"PropertyValueSpecification","valueRequired":true,"valueName":"search_term_string"}}],"inLanguage":"en-GB"},{"@type":"Organization","@id":"https:\/\/www.lavenueshowroom.com\/#organization","name":"L'avenue Showroom","url":"https:\/\/www.lavenueshowroom.com\/","logo":{"@type":"ImageObject","inLanguage":"en-GB","@id":"https:\/\/www.lavenueshowroom.com\/#\/schema\/logo\/image\/","url":"https:\/\/www.lavenueshowroom.com\/wp-content\/uploads\/2025\/06\/cropped-LS-bw.png","contentUrl":"https:\/\/www.lavenueshowroom.com\/wp-content\/uploads\/2025\/06\/cropped-LS-bw.png","width":512,"height":512,"caption":"L'avenue Showroom"},"image":{"@id":"https:\/\/www.lavenueshowroom.com\/#\/schema\/logo\/image\/"}}]}},"jetpack_sharing_enabled":true,"_links":{"self":[{"href":"https:\/\/www.lavenueshowroom.com\/en\/wp-json\/wp\/v2\/pages\/7240","targetHints":{"allow":["GET"]}}],"collection":[{"href":"https:\/\/www.lavenueshowroom.com\/en\/wp-json\/wp\/v2\/pages"}],"about":[{"href":"https:\/\/www.lavenueshowroom.com\/en\/wp-json\/wp\/v2\/types\/page"}],"author":[{"embeddable":true,"href":"https:\/\/www.lavenueshowroom.com\/en\/wp-json\/wp\/v2\/users\/1"}],"replies":[{"embeddable":true,"href":"https:\/\/www.lavenueshowroom.com\/en\/wp-json\/wp\/v2\/comments?post=7240"}],"version-history":[{"count":22,"href":"https:\/\/www.lavenueshowroom.com\/en\/wp-json\/wp\/v2\/pages\/7240\/revisions"}],"predecessor-version":[{"id":8878,"href":"https:\/\/www.lavenueshowroom.com\/en\/wp-json\/wp\/v2\/pages\/7240\/revisions\/8878"}],"wp:attachment":[{"href":"https:\/\/www.lavenueshowroom.com\/en\/wp-json\/wp\/v2\/media?parent=7240"}],"curies":[{"name":"wp","href":"https:\/\/api.w.org\/{rel}","templated":true}]}}