{"id":7192,"date":"2022-10-29T15:27:25","date_gmt":"2022-10-29T14:27:25","guid":{"rendered":"http:\/\/www.lavenueshowroom.com\/?page_id=7192"},"modified":"2025-09-11T10:57:40","modified_gmt":"2025-09-11T08:57:40","slug":"splosni-pogoji-poslovanja","status":"publish","type":"page","link":"https:\/\/www.lavenueshowroom.com\/en\/splosni-pogoji-poslovanja\/","title":{"rendered":"General terms and conditions"},"content":{"rendered":"<div data-elementor-type=\"wp-page\" data-elementor-id=\"7192\" class=\"elementor elementor-7192\">\n\t\t\t\t\t\t<section class=\"elementor-section elementor-top-section elementor-element elementor-element-669b33f8 elementor-section-boxed elementor-section-height-default elementor-section-height-default\" data-id=\"669b33f8\" data-element_type=\"section\" data-e-type=\"section\">\n\t\t\t\t\t\t<div class=\"elementor-container elementor-column-gap-default\">\n\t\t\t\t\t<div class=\"elementor-column elementor-col-100 elementor-top-column elementor-element elementor-element-6bb1c333\" data-id=\"6bb1c333\" data-element_type=\"column\" data-e-type=\"column\">\n\t\t\t<div class=\"elementor-widget-wrap elementor-element-populated\">\n\t\t\t\t\t\t<div class=\"elementor-element elementor-element-77a6b6b0 elementor-widget elementor-widget-text-editor\" data-id=\"77a6b6b0\" data-element_type=\"widget\" data-e-type=\"widget\" data-widget_type=\"text-editor.default\">\n\t\t\t\t<div class=\"elementor-widget-container\">\n\t\t\t\t\t\t\t\t\t\n<p>Predmetni splo\u0161ni pogodbeni pogoji za izposojo obleke (v nadaljevanju \u00bbsplo\u0161ni pogoji\u00ab) showrooma L&#8217;avenue, Marina Pa\u0111an s.p., Milana Majcna 13, 1000 Ljubljana (v nadaljevanju \u00bbpodjetje\u00ab), so sestavni del pogodbe o izposoji obleke, sklenjenih med podjetjem in fizi\u010dno osebo (v nadaljevanju \u00bbstranka\u00ab). <br \/><br \/>Predmetni splo\u0161ni pogoji predstavljajo sestavni del pogodbe oz. dogovorov, sklenjenih med podjetjem in stranko, ter se nana\u0161ajo na naro\u010dilo stranke. Z vstopom v pravno poslovno razmerje s podjetjem (za vstop v pravno poslovno razmerje se \u0161tejejo sprejem ponudbe, izdaja in\/ali potrditev naro\u010dila, sklenitev pogodbe \u2013 v nadaljevanju \u00bbpogodba\u00ab) se \u0161teje, da stranka s temi splo\u0161nimi pogoji izrecno sogla\u0161a in se z njimi v celoti strinja. Prav tako stranka izrecno priznava, da se za vsa pravna razmerja med njo in podjetjem uporabljajo izklju\u010dno pogodba in predmetni splo\u0161ni pogoji ali drugi splo\u0161ni pogoji podjetja. Predmetni splo\u0161ni pogoji se v fizi\u010dni obliki hranijo na sede\u017eu podjetja. Stranka je na splo\u0161ne pogoje opozorjena z besedilom same pogodbe, ki se sklene ob izposoji obleke. S tem se \u0161teje, da so stranki splo\u0161ni pogoji znani, s sklenitvijo pogodbe pa stranka izjavlja, da je splo\u0161ne pogoje prebrala in se z njimi v celoti strinja.<br \/><br \/><strong><em>BASIC INFORMATION<\/em><\/strong><br \/>&#8211; Predmet pogodbe je izposoja obleke za en dan ali tri dni.<br \/>&#8211; Ob izposoji obleke je potrebno z obleko ravnati skrbno, saj je le ta last showrooma L&#8217;avenue. Vsako uni\u010devanje obleke, pomanjkanje dodatkov na obleki je pla\u010dljivo.<br \/>&#8211; Prepovedani so kakr\u0161nikoli posegi na obleki (likanje, \u010di\u0161\u010denje, spenjanje oz. popravki, ki na obleki pu\u0161\u010dajo sledi,..).<br \/>&#8211; Obleko mora prevzeti oseba, ki si jo je izposodila. Ob izposoji je potrebno prilo\u017eiti osebni dokument. Po dolo\u010denem\/dogovorjenem datumu mora obleko vrniti oseba, ki si jo je izposodila. V kolikor obleko prevzame druga oseba, morebitnih reklamacij ne upo\u0161tevamo.<br \/>&#8211; Pomerjanje oblek je pla\u010dljivo 10\u20ac\/45 minut ali 15\u20ac\/60min.<br \/>Za pomerjanje in svetovanje (nakup ali izposoja) obleke je potrebno naro\u010danje in rezervacija osebnega termina obiska.<br \/>&#8211; V ceno izposoje so poleg najema obleke vklju\u010deni stro\u0161ki \u010di\u0161\u010denja obleke.<br \/>&#8211; Izposojnino lahko pla\u010date z gotovino ali z nakazilom na transakcijski ra\u010dun podjetja (TRR).<br \/>&#8211; Obleko stranka dobi na obe\u0161alniku in v za\u0161\u010ditni vre\u010dki. Vsaka odtujitev ali izguba omenjenih predmetov je pla\u010dljiva.<br \/><br \/><strong><em>RENTAL<\/em><\/strong><br \/>&#8211; Ob prevzemu izposojene obleke, je stranka dol\u017ena zagotoviti znesek are 50\u20ac v gotovini, kot garancijo, da bo obleka vrnjena trgovini v dogovorjenem roku (navedenem v pogodbi) in brez po\u0161kodb. Ara je vrnjena na dan vra\u010dila obleke, v kolikor se obleka vrne pravo\u010dasno v dogovorjenem roku in brez po\u0161kodb. V primeru po\u0161kodb se ara zadr\u017ei (znesek are ni prenosljiv za pla\u010dilo drugih storitev ali izdelkov, razen za po\u0161kodbo obleke). \u010ce je po\u0161kodba na obleki ve\u010dja in znesek garancije ne pokrije stro\u0161kov popravila, je potrebno dopla\u010dilo.<br \/>&#8211; Obleko stranka prevzame po dogovoru v pogodbi (odvisno od dneva dogodka). Stranka si obleko lahko izposodi za en dan ali tri dni.<br \/>&#8211; Pripomo\u010dki, kot so pasovi, nakit in spodnje perilo (steznik) niso namenjeni izposoji (razen pri\u0161iti pasovi ali nakit). Dodatki \u2013 body, prikrivne hla\u010dke, ter pas se lahko izposodijo po \u017eelji stranke. Vkolikor se dodatki izposodijo je potrebno podpisati dokumentacijo za izposojo le tega.<br \/><br \/><strong><em>REZERVACIJA<\/em><\/strong><br \/>Podjetje se obve\u017ee, da bo izbrana obleka v dogovorjenem roku pripravljena za prevzem. Za rezervacijo je potrebno pla\u010dati 30\u20ac. Znesek rezervacije se pri izposoji obleke od\u0161teje od celotnega zneska. V primeru odpovedi rezervacije se akontacija zneska 30\u20ac ne vra\u010da!<\/p>\n\n<p><strong><em>PREVZEM<\/em><\/strong><br \/>Prevzem obleke je na dan dogodka oz. po dogovoru med 11. in 12. uro.<\/p>\n\n<p><strong><em>VRA\u010cILO<\/em><\/strong><br \/>Stranka si obleko lahko izposodi za en dan ali za tri dni. Obleko, ki si jo izposodi za en dan stranka prevzame na dan dogodka in jo vrne naslednji dan do 12. ure ali po predvidenem dogovoru pred ali na dan prevzema obleke.<br \/>V kolikor dan pride na soboto, jo je stranka dol\u017ena vrniti prvi ponedeljek za dogodkom do 12. ure, ali po predvidenem dogovoru pred ali na dan prevzema obleke. Vra\u010dilo obleke za tri dni pote\u010de od dneva prevzema do treh dni do 12. ure, ali po predvidenem dogovoru pred ali na dan prevzema obleke. Stranka je dol\u017ena vrniti tudi dodatke in opremo (obe\u0161alnik, za\u0161\u010ditno vre\u010dko, hla\u010dke, pasove itd).<\/p>\n\n<p><strong><em>TRAJANJE POGODBE<\/em><\/strong><br \/>Pogodba je sklenjena za \u010das, ki je dogovorjen v pogodbi. V primeru nevra\u010dila izposojene obleke ob dogovorjenem \u010dasu, preide stranka v zamudo.<\/p>\n\n<p><strong><em>ZAMUDNINA<\/em><\/strong><br \/>Podjetje je stranki, ki zamuja s pla\u010dilom\/vrnitvijo obleke, upravi\u010deno zara\u010dunati zakonske zamudne obresti in tudi stro\u0161ke izterjave skladno z Zakonom o prepre\u010devanju zamud pri pla\u010dnikih\/vrnitvi blaga. Ti stro\u0161ki niso vklju\u010deni v izvr\u0161ilne stro\u0161ke morebitnih sodnih postopkov. Izposojeno obleko je potrebno vrniti po vnaprej dogovorjenem terminu, ki je dolo\u010den v pogodbi. Za kasnej\u0161o vra\u010dilo podjetje zara\u010dunava zamudnino, ki zna\u0161a 20\u20ac na dan.<\/p>\n\n<p><strong><em>STRO\u0160KI V PRIMERU PO\u0160KODB ALI NE POVRA\u010cILU DODATKOV<\/em><\/strong><br \/>Ob vra\u010dilu umazane ali zamazane oziroma po\u0161kodovane obleke se zara\u010dunavajo stro\u0161ki dodatnega \u010di\u0161\u010denja, v primeru po\u0161kodb na obleki pa tudi \u0161iviljski popravki raztrganin oziroma nastale \u0161kode. Podjetje je dol\u017eno stranki zara\u010dunati popravke za nastalo \u0161kodo na obleki po slede\u010dem ceniku:<\/p>\n\n<ul class=\"wp-block-list\">\n<li>20\u20ac za manj\u0161e \u0161iviljske popravke (raztrganine do 10 cm na enem sloju obleke).<\/li>\n\n<li>40\u20ac za ve\u010dje \u0161iviljske popravke (ve\u010dje raztrganine).<\/li>\n\n<li>50\u20ac za popravke na obleki, ki so prepovedani (kraj\u0161anje naramnic, dekolteja, izreza itd)<\/li>\n\n<li>\u010ce je obleka po\u0161kodovana v tolik\u0161ni meri, da popravilo ni mo\u017eno, se obleka pla\u010da v njeni tr\u017eni vrednosti, ki jo dolo\u010di podjetje in se kupcu izro\u010di v trajno uporabo.<\/li>\n\n<li>Dolo\u010deno ceno za dodatno \u010di\u0161\u010denje obleke, dolo\u010dene v skladu s \u010distilnico.<\/li>\n\n<li>Dolo\u010deno ceno za neopredeljene \u0161iviljske popravke, dolo\u010dene v skladu s \u0161iviljstvom.<\/li>\n\n<li>10\u20ac za odtujitev ali izgubo obe\u0161alnika.<\/li>\n\n<li>10\u20ac za odtujitev ali izgubo za\u0161\u010ditne vre\u010dke.<\/li>\n\n<li>15\u20ac za odtujitev ali izgubo prikrivnih hla\u010dk oz bodyja.<\/li>\n\n<li>20\u20ac za odtujitev ali izgubo dodatka (pas\u2026)<\/li>\n\n<li>5\u20ac za odtujitev ali izgubo traku za zavezovanje in prilagajanje obleke.<\/li>\n\n<li>Uporaba milnih mehur\u010dkov ni dovoljena, saj le ta pri \u010di\u0161\u010denju obleke v stiku z vodo povzro\u010dijo reakcijo v obliki sivih made\u017eev, ki jih ni mo\u017eno odstraniti. Vzrok je popolnoma uni\u010dena obleka, za kar je potrebno pla\u010dati popolni znesek vrednosti obleke.<\/li>\n<\/ul>\n\n<p><strong><em>OD\u0160KODNINSKA ODGOVORNOST<\/em><\/strong><\/p>\n\n<p>&#8211; V primeru izgube, odtujitve, uni\u010denja in\/ali huj\u0161ega po\u0161kodovanja obleke je stranka dol\u017ena povrniti podjetju celotno vrednost obleke, ki je predmet pogodbe.<br \/>&#8211; V primeru izgube ali odtujitve dodatkov (prikrivne hla\u010dke, obe\u0161alnik, za\u0161\u010ditna vre\u010dka, pas, body, trakec za zavezovanje obleke, itd), je stranka dol\u017ena povrniti stro\u0161ke za posamezni dodatek.<br \/>&#8211; V nobenem primeru podjetje ne odgovarja za \u0161kodo zaradi razlogov na strani stranke, zaradi naklju\u010dnih po\u0161kodb in podobno.<\/p>\n\n<p><strong><em>OSEBNI PODATKI<\/em><\/strong><br \/>KDAJ SE PRIDOBIJO OSEBNI PODATKI?<\/p>\n\n<ul class=\"wp-block-list\">\n<li>Ko se stranka \u017eeli naro\u010diti na termin za probo obleke.<\/li>\n\n<li>Ko stranka izpolni pogodbo za izposojo obleke.<\/li>\n<\/ul>\n\n<p><strong><em>VARNOST OSEBNIH PODATKOV<\/em><\/strong><br \/>Upravitelj se zavezuje k trajnemu varovanju vseh osebnih podatkov uporabnika skladno z Zakonom o varstvu<br \/>osebnih podatkov (ZVOP-1) in splo\u0161no uvedbo EU o varovanju osebnih podatkov (GDPR) in\/ali v skladu z zakonom o varstvu potro\u0161nikov (ZVPot) in se obvezuje, da jih ne bo posredoval nepoobla\u0161\u010denim osebam.<br \/><br \/>KOMU SE POSREDUJEJO OSEBNI PODATKI?<\/p>\n\n<ul class=\"wp-block-list\">\n<li>Zaposlenim v podjetju.<\/li>\n\n<li>V kolikor bi dr\u017eavni organ zoper uporabnika vodil postopek zaradi suma kr\u0161itve veljavne zakonodaje, je upravitelj na poziv dol\u017ean posredovati zahtevane podatke o uporabniku dr\u017eavnim organom.<br \/>Podatke upravitelj nikoli ne posreduje nepoobla\u0161\u010denim osebam.<br \/>ROK HRAMBE OSEBNIH PODATKOV<\/li>\n\n<li>Osebne podatke upravitelj hrani in obdeluje v obsegu, ki je potreben za uresni\u010devanje namenov obdelave.<\/li>\n\n<li>Podatke, ki so pridobljeni na podlagi privolitve in je s tem uporabnik seznanjen, se hrani do preklica.<\/li>\n\n<li>V primerih, ko je rok hrambe osebnih podatkov zapovedan z zakonom, se podatke hrani v skladu z zakonsko zapovedjo.<\/li>\n<\/ul>\n\n<p><strong><em>KON\u010cNE DOLO\u010cBE<\/em><\/strong><br \/>&#8211; Za stranko v vsakem primeru veljajo splo\u0161ni pogoji, s katerimi je bila seznanjena v trenutku sklenitve pogodbe.<br \/>&#8211; Podjetje in stranka se zave\u017eeta vse morebitne spore, nastale na podlagi splo\u0161nih pogojev oziroma samega poslovnega razmerja med stranko in podjetjem, re\u0161evati sporazumno. \u010ce to ne bo mogo\u010de, za vse spore, nastale iz razmerja med podjetjem in stranko, velja izklju\u010dna uporaba prava Republike Slovenije, za pristojno pa podjetje in stranka dolo\u010data stvarno pristojno sodi\u0161\u010de v Ljubljani.<br \/>&#8211; Stranka s sprejemom ponudbe oziroma podpisom pogodbe vsakokrat posebej izjavlja, da je splo\u0161ne pogoje prebrala in se z njimi strinja.<br \/>&#8211; Stranka prejme obleko s potrebnimi dodatki v brezhibnem stanju, in je tako dol\u017ena vrniti nazaj.<\/p>\n\n<p>Splo\u0161ni pogoji podjetja so sestavljeni v skladu z Zakonom o varstvu potro\u0161nikov (ZVPot), na podlagi priporo\u010dil GZS in mednarodnih kodeksov za e-poslovanje.<br \/><br \/><\/p>\n\n<p>Pogoji poslovanja posodobljeni 11. 9. 2025<\/p>\n\n<p>\u00a0<\/p>\n\t\t\t\t\t\t\t\t<\/div>\n\t\t\t\t<\/div>\n\t\t\t\t\t<\/div>\n\t\t<\/div>\n\t\t\t\t\t<\/div>\n\t\t<\/section>\n\t\t\t\t<\/div>","protected":false},"excerpt":{"rendered":"<p>Predmetni splo\u0161ni pogodbeni pogoji za izposojo obleke (v nadaljevanju \u00bbsplo\u0161ni pogoji\u00ab) showrooma L&#8217;avenue, Marina Pa\u0111an s.p., Milana Majcna 13, 1000 Ljubljana (v nadaljevanju \u00bbpodjetje\u00ab), so sestavni del pogodbe o izposoji obleke, sklenjenih med podjetjem in fizi\u010dno osebo (v nadaljevanju \u00bbstranka\u00ab). Predmetni splo\u0161ni pogoji predstavljajo sestavni del pogodbe oz. dogovorov, sklenjenih med podjetjem in stranko, ter [&hellip;]<\/p>\n","protected":false},"author":1,"featured_media":0,"parent":0,"menu_order":0,"comment_status":"closed","ping_status":"closed","template":"","meta":{"site-sidebar-layout":"default","site-content-layout":"","ast-site-content-layout":"default","site-content-style":"default","site-sidebar-style":"default","ast-global-header-display":"","ast-banner-title-visibility":"","ast-main-header-display":"","ast-hfb-above-header-display":"","ast-hfb-below-header-display":"","ast-hfb-mobile-header-display":"","site-post-title":"","ast-breadcrumbs-content":"","ast-featured-img":"","footer-sml-layout":"","ast-disable-related-posts":"","theme-transparent-header-meta":"","adv-header-id-meta":"","stick-header-meta":"","header-above-stick-meta":"","header-main-stick-meta":"","header-below-stick-meta":"","astra-migrate-meta-layouts":"set","ast-page-background-enabled":"default","ast-page-background-meta":{"desktop":{"background-color":"var(--ast-global-color-4)","background-image":"","background-repeat":"repeat","background-position":"center center","background-size":"auto","background-attachment":"scroll","background-type":"","background-media":"","overlay-type":"","overlay-color":"","overlay-opacity":"","overlay-gradient":""},"tablet":{"background-color":"","background-image":"","background-repeat":"repeat","background-position":"center center","background-size":"auto","background-attachment":"scroll","background-type":"","background-media":"","overlay-type":"","overlay-color":"","overlay-opacity":"","overlay-gradient":""},"mobile":{"background-color":"","background-image":"","background-repeat":"repeat","background-position":"center center","background-size":"auto","background-attachment":"scroll","background-type":"","background-media":"","overlay-type":"","overlay-color":"","overlay-opacity":"","overlay-gradient":""}},"ast-content-background-meta":{"desktop":{"background-color":"var(--ast-global-color-5)","background-image":"","background-repeat":"repeat","background-position":"center center","background-size":"auto","background-attachment":"scroll","background-type":"","background-media":"","overlay-type":"","overlay-color":"","overlay-opacity":"","overlay-gradient":""},"tablet":{"background-color":"var(--ast-global-color-5)","background-image":"","background-repeat":"repeat","background-position":"center center","background-size":"auto","background-attachment":"scroll","background-type":"","background-media":"","overlay-type":"","overlay-color":"","overlay-opacity":"","overlay-gradient":""},"mobile":{"background-color":"var(--ast-global-color-5)","background-image":"","background-repeat":"repeat","background-position":"center center","background-size":"auto","background-attachment":"scroll","background-type":"","background-media":"","overlay-type":"","overlay-color":"","overlay-opacity":"","overlay-gradient":""}},"_joinchat":[],"footnotes":""},"class_list":["post-7192","page","type-page","status-publish","hentry"],"yoast_head":"<!-- This site is optimized with the Yoast SEO plugin v27.5 - https:\/\/yoast.com\/product\/yoast-seo-wordpress\/ -->\n<title>Splo\u0161ni pogoji poslovanja - L&rsquo;avenue Showroom<\/title>\n<meta name=\"robots\" content=\"index, follow, max-snippet:-1, max-image-preview:large, max-video-preview:-1\" \/>\n<link rel=\"canonical\" href=\"https:\/\/www.lavenueshowroom.com\/en\/splosni-pogoji-poslovanja\/\" \/>\n<meta property=\"og:locale\" content=\"en_GB\" \/>\n<meta property=\"og:type\" content=\"article\" \/>\n<meta property=\"og:title\" content=\"Splo\u0161ni pogoji poslovanja - L&rsquo;avenue Showroom\" \/>\n<meta property=\"og:description\" content=\"Predmetni splo\u0161ni pogodbeni pogoji za izposojo obleke (v nadaljevanju \u00bbsplo\u0161ni pogoji\u00ab) showrooma L&#8217;avenue, Marina Pa\u0111an s.p., Milana Majcna 13, 1000 Ljubljana (v nadaljevanju \u00bbpodjetje\u00ab), so sestavni del pogodbe o izposoji obleke, sklenjenih med podjetjem in fizi\u010dno osebo (v nadaljevanju \u00bbstranka\u00ab). Predmetni splo\u0161ni pogoji predstavljajo sestavni del pogodbe oz. dogovorov, sklenjenih med podjetjem in stranko, ter [&hellip;]\" \/>\n<meta property=\"og:url\" content=\"https:\/\/www.lavenueshowroom.com\/en\/splosni-pogoji-poslovanja\/\" \/>\n<meta property=\"og:site_name\" content=\"L&rsquo;avenue Showroom\" \/>\n<meta property=\"article:modified_time\" content=\"2025-09-11T08:57:40+00:00\" \/>\n<meta property=\"og:image\" content=\"https:\/\/www.lavenueshowroom.com\/wp-content\/uploads\/2023\/11\/cropped-image0-3-1024x589.png\" \/>\n\t<meta property=\"og:image:width\" content=\"1024\" \/>\n\t<meta property=\"og:image:height\" content=\"589\" \/>\n\t<meta property=\"og:image:type\" content=\"image\/png\" \/>\n<meta name=\"twitter:card\" content=\"summary_large_image\" \/>\n<meta name=\"twitter:label1\" content=\"Estimated reading time\" \/>\n\t<meta name=\"twitter:data1\" content=\"8 minutes\" \/>\n<script type=\"application\/ld+json\" class=\"yoast-schema-graph\">{\"@context\":\"https:\\\/\\\/schema.org\",\"@graph\":[{\"@type\":\"WebPage\",\"@id\":\"https:\\\/\\\/www.lavenueshowroom.com\\\/splosni-pogoji-poslovanja\\\/\",\"url\":\"https:\\\/\\\/www.lavenueshowroom.com\\\/splosni-pogoji-poslovanja\\\/\",\"name\":\"Splo\u0161ni pogoji poslovanja - L&rsquo;avenue Showroom\",\"isPartOf\":{\"@id\":\"https:\\\/\\\/www.lavenueshowroom.com\\\/#website\"},\"datePublished\":\"2022-10-29T14:27:25+00:00\",\"dateModified\":\"2025-09-11T08:57:40+00:00\",\"breadcrumb\":{\"@id\":\"https:\\\/\\\/www.lavenueshowroom.com\\\/splosni-pogoji-poslovanja\\\/#breadcrumb\"},\"inLanguage\":\"en-GB\",\"potentialAction\":[{\"@type\":\"ReadAction\",\"target\":[\"https:\\\/\\\/www.lavenueshowroom.com\\\/splosni-pogoji-poslovanja\\\/\"]}]},{\"@type\":\"BreadcrumbList\",\"@id\":\"https:\\\/\\\/www.lavenueshowroom.com\\\/splosni-pogoji-poslovanja\\\/#breadcrumb\",\"itemListElement\":[{\"@type\":\"ListItem\",\"position\":1,\"name\":\"Home\",\"item\":\"https:\\\/\\\/www.lavenueshowroom.com\\\/\"},{\"@type\":\"ListItem\",\"position\":2,\"name\":\"Splo\u0161ni pogoji poslovanja\"}]},{\"@type\":\"WebSite\",\"@id\":\"https:\\\/\\\/www.lavenueshowroom.com\\\/#website\",\"url\":\"https:\\\/\\\/www.lavenueshowroom.com\\\/\",\"name\":\"L'avenue Showroom\",\"description\":\"\",\"publisher\":{\"@id\":\"https:\\\/\\\/www.lavenueshowroom.com\\\/#organization\"},\"potentialAction\":[{\"@type\":\"SearchAction\",\"target\":{\"@type\":\"EntryPoint\",\"urlTemplate\":\"https:\\\/\\\/www.lavenueshowroom.com\\\/?s={search_term_string}\"},\"query-input\":{\"@type\":\"PropertyValueSpecification\",\"valueRequired\":true,\"valueName\":\"search_term_string\"}}],\"inLanguage\":\"en-GB\"},{\"@type\":\"Organization\",\"@id\":\"https:\\\/\\\/www.lavenueshowroom.com\\\/#organization\",\"name\":\"L'avenue Showroom\",\"url\":\"https:\\\/\\\/www.lavenueshowroom.com\\\/\",\"logo\":{\"@type\":\"ImageObject\",\"inLanguage\":\"en-GB\",\"@id\":\"https:\\\/\\\/www.lavenueshowroom.com\\\/#\\\/schema\\\/logo\\\/image\\\/\",\"url\":\"https:\\\/\\\/www.lavenueshowroom.com\\\/wp-content\\\/uploads\\\/2025\\\/06\\\/cropped-LS-bw.png\",\"contentUrl\":\"https:\\\/\\\/www.lavenueshowroom.com\\\/wp-content\\\/uploads\\\/2025\\\/06\\\/cropped-LS-bw.png\",\"width\":512,\"height\":512,\"caption\":\"L'avenue Showroom\"},\"image\":{\"@id\":\"https:\\\/\\\/www.lavenueshowroom.com\\\/#\\\/schema\\\/logo\\\/image\\\/\"}}]}<\/script>\n<!-- \/ Yoast SEO plugin. -->","yoast_head_json":{"title":"Splo\u0161ni pogoji poslovanja - L&rsquo;avenue Showroom","robots":{"index":"index","follow":"follow","max-snippet":"max-snippet:-1","max-image-preview":"max-image-preview:large","max-video-preview":"max-video-preview:-1"},"canonical":"https:\/\/www.lavenueshowroom.com\/en\/splosni-pogoji-poslovanja\/","og_locale":"en_GB","og_type":"article","og_title":"Splo\u0161ni pogoji poslovanja - L&rsquo;avenue Showroom","og_description":"Predmetni splo\u0161ni pogodbeni pogoji za izposojo obleke (v nadaljevanju \u00bbsplo\u0161ni pogoji\u00ab) showrooma L&#8217;avenue, Marina Pa\u0111an s.p., Milana Majcna 13, 1000 Ljubljana (v nadaljevanju \u00bbpodjetje\u00ab), so sestavni del pogodbe o izposoji obleke, sklenjenih med podjetjem in fizi\u010dno osebo (v nadaljevanju \u00bbstranka\u00ab). Predmetni splo\u0161ni pogoji predstavljajo sestavni del pogodbe oz. dogovorov, sklenjenih med podjetjem in stranko, ter [&hellip;]","og_url":"https:\/\/www.lavenueshowroom.com\/en\/splosni-pogoji-poslovanja\/","og_site_name":"L&rsquo;avenue Showroom","article_modified_time":"2025-09-11T08:57:40+00:00","og_image":[{"width":1024,"height":589,"url":"https:\/\/www.lavenueshowroom.com\/wp-content\/uploads\/2023\/11\/cropped-image0-3-1024x589.png","type":"image\/png"}],"twitter_card":"summary_large_image","twitter_misc":{"Estimated reading time":"8 minutes"},"schema":{"@context":"https:\/\/schema.org","@graph":[{"@type":"WebPage","@id":"https:\/\/www.lavenueshowroom.com\/splosni-pogoji-poslovanja\/","url":"https:\/\/www.lavenueshowroom.com\/splosni-pogoji-poslovanja\/","name":"Splo\u0161ni pogoji poslovanja - L&rsquo;avenue Showroom","isPartOf":{"@id":"https:\/\/www.lavenueshowroom.com\/#website"},"datePublished":"2022-10-29T14:27:25+00:00","dateModified":"2025-09-11T08:57:40+00:00","breadcrumb":{"@id":"https:\/\/www.lavenueshowroom.com\/splosni-pogoji-poslovanja\/#breadcrumb"},"inLanguage":"en-GB","potentialAction":[{"@type":"ReadAction","target":["https:\/\/www.lavenueshowroom.com\/splosni-pogoji-poslovanja\/"]}]},{"@type":"BreadcrumbList","@id":"https:\/\/www.lavenueshowroom.com\/splosni-pogoji-poslovanja\/#breadcrumb","itemListElement":[{"@type":"ListItem","position":1,"name":"Home","item":"https:\/\/www.lavenueshowroom.com\/"},{"@type":"ListItem","position":2,"name":"Splo\u0161ni pogoji poslovanja"}]},{"@type":"WebSite","@id":"https:\/\/www.lavenueshowroom.com\/#website","url":"https:\/\/www.lavenueshowroom.com\/","name":"L'avenue Showroom","description":"","publisher":{"@id":"https:\/\/www.lavenueshowroom.com\/#organization"},"potentialAction":[{"@type":"SearchAction","target":{"@type":"EntryPoint","urlTemplate":"https:\/\/www.lavenueshowroom.com\/?s={search_term_string}"},"query-input":{"@type":"PropertyValueSpecification","valueRequired":true,"valueName":"search_term_string"}}],"inLanguage":"en-GB"},{"@type":"Organization","@id":"https:\/\/www.lavenueshowroom.com\/#organization","name":"L'avenue Showroom","url":"https:\/\/www.lavenueshowroom.com\/","logo":{"@type":"ImageObject","inLanguage":"en-GB","@id":"https:\/\/www.lavenueshowroom.com\/#\/schema\/logo\/image\/","url":"https:\/\/www.lavenueshowroom.com\/wp-content\/uploads\/2025\/06\/cropped-LS-bw.png","contentUrl":"https:\/\/www.lavenueshowroom.com\/wp-content\/uploads\/2025\/06\/cropped-LS-bw.png","width":512,"height":512,"caption":"L'avenue Showroom"},"image":{"@id":"https:\/\/www.lavenueshowroom.com\/#\/schema\/logo\/image\/"}}]}},"jetpack_sharing_enabled":true,"_links":{"self":[{"href":"https:\/\/www.lavenueshowroom.com\/en\/wp-json\/wp\/v2\/pages\/7192","targetHints":{"allow":["GET"]}}],"collection":[{"href":"https:\/\/www.lavenueshowroom.com\/en\/wp-json\/wp\/v2\/pages"}],"about":[{"href":"https:\/\/www.lavenueshowroom.com\/en\/wp-json\/wp\/v2\/types\/page"}],"author":[{"embeddable":true,"href":"https:\/\/www.lavenueshowroom.com\/en\/wp-json\/wp\/v2\/users\/1"}],"replies":[{"embeddable":true,"href":"https:\/\/www.lavenueshowroom.com\/en\/wp-json\/wp\/v2\/comments?post=7192"}],"version-history":[{"count":20,"href":"https:\/\/www.lavenueshowroom.com\/en\/wp-json\/wp\/v2\/pages\/7192\/revisions"}],"predecessor-version":[{"id":8977,"href":"https:\/\/www.lavenueshowroom.com\/en\/wp-json\/wp\/v2\/pages\/7192\/revisions\/8977"}],"wp:attachment":[{"href":"https:\/\/www.lavenueshowroom.com\/en\/wp-json\/wp\/v2\/media?parent=7192"}],"curies":[{"name":"wp","href":"https:\/\/api.w.org\/{rel}","templated":true}]}}